{"id":374,"date":"2024-03-01T12:37:00","date_gmt":"2024-03-01T12:37:00","guid":{"rendered":"https:\/\/si-bags.de\/?page_id=374"},"modified":"2024-03-07T13:30:52","modified_gmt":"2024-03-07T13:30:52","slug":"store","status":"publish","type":"page","link":"https:\/\/si-bags.de\/?page_id=374","title":{"rendered":"Store"},"content":{"rendered":"\t\t<div data-elementor-type=\"wp-page\" data-elementor-id=\"374\" class=\"elementor elementor-374\" data-elementor-post-type=\"page\">\n\t\t\t\t<div class=\"elementor-element elementor-element-f5fcbf2 e-flex e-con-boxed e-con e-parent\" data-id=\"f5fcbf2\" data-element_type=\"container\" data-settings=\"{&quot;background_background&quot;:&quot;classic&quot;,&quot;content_width&quot;:&quot;boxed&quot;}\" data-core-v316-plus=\"true\">\n\t\t\t\t\t<div class=\"e-con-inner\">\n\t\t<div class=\"elementor-element elementor-element-e715cca e-con-full e-flex e-con e-child\" data-id=\"e715cca\" data-element_type=\"container\" data-settings=\"{&quot;content_width&quot;:&quot;full&quot;}\">\n\t\t<div class=\"elementor-element elementor-element-ead9e3f e-con-full e-flex e-con e-child\" data-id=\"ead9e3f\" data-element_type=\"container\" data-settings=\"{&quot;content_width&quot;:&quot;full&quot;}\">\n\t\t\t\t<div class=\"elementor-element elementor-element-ea4d83c elementor-widget elementor-widget-image\" data-id=\"ea4d83c\" data-element_type=\"widget\" data-widget_type=\"image.default\">\n\t\t\t\t<div class=\"elementor-widget-container\">\n\t\t\t<style>\/*! elementor - v3.19.0 - 07-02-2024 *\/\n.elementor-widget-image{text-align:center}.elementor-widget-image a{display:inline-block}.elementor-widget-image a img[src$=\".svg\"]{width:48px}.elementor-widget-image img{vertical-align:middle;display:inline-block}<\/style>\t\t\t\t\t\t\t\t\t\t\t<a href=\"https:\/\/si-bags.de\/\">\n\t\t\t\t\t\t\t<img decoding=\"async\" width=\"150\" height=\"150\" src=\"https:\/\/si-bags.de\/wp-content\/uploads\/2024\/02\/cropped-icon-150x150.png\" class=\"attachment-thumbnail size-thumbnail wp-image-171\" alt=\"\" srcset=\"https:\/\/si-bags.de\/wp-content\/uploads\/2024\/02\/cropped-icon-150x150.png 150w, https:\/\/si-bags.de\/wp-content\/uploads\/2024\/02\/cropped-icon-300x300.png 300w, https:\/\/si-bags.de\/wp-content\/uploads\/2024\/02\/cropped-icon-100x100.png 100w, https:\/\/si-bags.de\/wp-content\/uploads\/2024\/02\/cropped-icon-270x270.png 270w, https:\/\/si-bags.de\/wp-content\/uploads\/2024\/02\/cropped-icon-192x192.png 192w, https:\/\/si-bags.de\/wp-content\/uploads\/2024\/02\/cropped-icon-180x180.png 180w, https:\/\/si-bags.de\/wp-content\/uploads\/2024\/02\/cropped-icon-32x32.png 32w, https:\/\/si-bags.de\/wp-content\/uploads\/2024\/02\/cropped-icon.png 512w\" sizes=\"(max-width: 150px) 100vw, 150px\" \/>\t\t\t\t\t\t\t\t<\/a>\n\t\t\t\t\t\t\t\t\t\t\t\t\t<\/div>\n\t\t\t\t<\/div>\n\t\t\t\t<div class=\"elementor-element elementor-element-5ad7b0b elementor-widget elementor-widget-spacer\" data-id=\"5ad7b0b\" data-element_type=\"widget\" data-widget_type=\"spacer.default\">\n\t\t\t\t<div class=\"elementor-widget-container\">\n\t\t\t<style>\/*! elementor - v3.19.0 - 07-02-2024 *\/\n.elementor-column .elementor-spacer-inner{height:var(--spacer-size)}.e-con{--container-widget-width:100%}.e-con-inner>.elementor-widget-spacer,.e-con>.elementor-widget-spacer{width:var(--container-widget-width,var(--spacer-size));--align-self:var(--container-widget-align-self,initial);--flex-shrink:0}.e-con-inner>.elementor-widget-spacer>.elementor-widget-container,.e-con>.elementor-widget-spacer>.elementor-widget-container{height:100%;width:100%}.e-con-inner>.elementor-widget-spacer>.elementor-widget-container>.elementor-spacer,.e-con>.elementor-widget-spacer>.elementor-widget-container>.elementor-spacer{height:100%}.e-con-inner>.elementor-widget-spacer>.elementor-widget-container>.elementor-spacer>.elementor-spacer-inner,.e-con>.elementor-widget-spacer>.elementor-widget-container>.elementor-spacer>.elementor-spacer-inner{height:var(--container-widget-height,var(--spacer-size))}.e-con-inner>.elementor-widget-spacer.elementor-widget-empty,.e-con>.elementor-widget-spacer.elementor-widget-empty{position:relative;min-height:22px;min-width:22px}.e-con-inner>.elementor-widget-spacer.elementor-widget-empty .elementor-widget-empty-icon,.e-con>.elementor-widget-spacer.elementor-widget-empty .elementor-widget-empty-icon{position:absolute;top:0;bottom:0;left:0;right:0;margin:auto;padding:0;width:22px;height:22px}<\/style>\t\t<div class=\"elementor-spacer\">\n\t\t\t<div class=\"elementor-spacer-inner\"><\/div>\n\t\t<\/div>\n\t\t\t\t<\/div>\n\t\t\t\t<\/div>\n\t\t\t\t<div class=\"elementor-element elementor-element-71a6af8 elementor-widget elementor-widget-heading\" data-id=\"71a6af8\" data-element_type=\"widget\" data-widget_type=\"heading.default\">\n\t\t\t\t<div class=\"elementor-widget-container\">\n\t\t\t<style>\/*! elementor - v3.19.0 - 07-02-2024 *\/\n.elementor-heading-title{padding:0;margin:0;line-height:1}.elementor-widget-heading .elementor-heading-title[class*=elementor-size-]>a{color:inherit;font-size:inherit;line-height:inherit}.elementor-widget-heading .elementor-heading-title.elementor-size-small{font-size:15px}.elementor-widget-heading .elementor-heading-title.elementor-size-medium{font-size:19px}.elementor-widget-heading .elementor-heading-title.elementor-size-large{font-size:29px}.elementor-widget-heading .elementor-heading-title.elementor-size-xl{font-size:39px}.elementor-widget-heading .elementor-heading-title.elementor-size-xxl{font-size:59px}<\/style><h1 class=\"elementor-heading-title elementor-size-default\">Die SI Statement Bag<\/h1>\t\t<\/div>\n\t\t\t\t<\/div>\n\t\t\t\t<div class=\"elementor-element elementor-element-f49b6fb elementor-widget__width-initial elementor-widget elementor-widget-text-editor\" data-id=\"f49b6fb\" data-element_type=\"widget\" data-widget_type=\"text-editor.default\">\n\t\t\t\t<div class=\"elementor-widget-container\">\n\t\t\t<style>\/*! elementor - v3.19.0 - 07-02-2024 *\/\n.elementor-widget-text-editor.elementor-drop-cap-view-stacked .elementor-drop-cap{background-color:#69727d;color:#fff}.elementor-widget-text-editor.elementor-drop-cap-view-framed .elementor-drop-cap{color:#69727d;border:3px solid;background-color:transparent}.elementor-widget-text-editor:not(.elementor-drop-cap-view-default) .elementor-drop-cap{margin-top:8px}.elementor-widget-text-editor:not(.elementor-drop-cap-view-default) .elementor-drop-cap-letter{width:1em;height:1em}.elementor-widget-text-editor .elementor-drop-cap{float:left;text-align:center;line-height:1;font-size:50px}.elementor-widget-text-editor .elementor-drop-cap-letter{display:inline-block}<\/style>\t\t\t\t<div class=\"elementor-element elementor-element-9295fe7 elementor-widget__width-initial elementor-widget elementor-widget-text-editor\" data-id=\"9295fe7\" data-element_type=\"widget\" data-widget_type=\"text-editor.default\"><div class=\"elementor-widget-container\"><p style=\"text-align: center;\"><span class=\"ui-provider a b c d e f g h i j k l m n o p q r s t u v w x y z ab ac ae af ag ah ai aj ak\" dir=\"ltr\" style=\"color: #ffffff;\"><strong>des SI-Clubs D\u00fcsseldorf-Kaiserswerth tr\u00e4gt unerm\u00fcdlich, ist stylish, nachhaltig und tut Gutes!<\/strong><\/span><\/p><\/div><\/div><div class=\"elementor-element elementor-element-1d26aec elementor-align-center elementor-widget elementor-widget-button\" data-id=\"1d26aec\" data-element_type=\"widget\" data-widget_type=\"button.default\"><div class=\"elementor-widget-container\"><div class=\"elementor-button-wrapper\" style=\"text-align: center;\">\u00a0<\/div><\/div><\/div>\t\t\t\t\t\t<\/div>\n\t\t\t\t<\/div>\n\t\t\t\t<\/div>\n\t\t\t\t<\/div>\n\t\t<div class=\"elementor-element elementor-element-3f62e97 e-con-full e-flex e-con e-child\" data-id=\"3f62e97\" data-element_type=\"container\" data-settings=\"{&quot;content_width&quot;:&quot;full&quot;}\">\n\t\t<div class=\"elementor-element elementor-element-ab6dfec e-con-full e-flex e-con e-child\" data-id=\"ab6dfec\" data-element_type=\"container\" data-settings=\"{&quot;content_width&quot;:&quot;full&quot;}\">\n\t\t\t\t<div class=\"elementor-element elementor-element-a1c8326 elementor-widget elementor-widget-image\" data-id=\"a1c8326\" data-element_type=\"widget\" data-widget_type=\"image.default\">\n\t\t\t\t<div class=\"elementor-widget-container\">\n\t\t\t\t\t\t\t\t\t\t\t\t\t<img fetchpriority=\"high\" decoding=\"async\" width=\"1024\" height=\"712\" src=\"https:\/\/si-bags.de\/wp-content\/uploads\/2024\/02\/Illustration_SI_Tasche_2-1024x712.png\" class=\"attachment-large size-large wp-image-27\" alt=\"\" srcset=\"https:\/\/si-bags.de\/wp-content\/uploads\/2024\/02\/Illustration_SI_Tasche_2-1024x712.png 1024w, https:\/\/si-bags.de\/wp-content\/uploads\/2024\/02\/Illustration_SI_Tasche_2-600x417.png 600w, https:\/\/si-bags.de\/wp-content\/uploads\/2024\/02\/Illustration_SI_Tasche_2-300x209.png 300w, https:\/\/si-bags.de\/wp-content\/uploads\/2024\/02\/Illustration_SI_Tasche_2-768x534.png 768w, https:\/\/si-bags.de\/wp-content\/uploads\/2024\/02\/Illustration_SI_Tasche_2-1536x1068.png 1536w, https:\/\/si-bags.de\/wp-content\/uploads\/2024\/02\/Illustration_SI_Tasche_2-2048x1424.png 2048w, https:\/\/si-bags.de\/wp-content\/uploads\/2024\/02\/Illustration_SI_Tasche_2-1320x918.png 1320w\" sizes=\"(max-width: 1024px) 100vw, 1024px\" \/>\t\t\t\t\t\t\t\t\t\t\t\t\t<\/div>\n\t\t\t\t<\/div>\n\t\t\t\t<div class=\"elementor-element elementor-element-c706499 elementor-widget elementor-widget-text-editor\" data-id=\"c706499\" data-element_type=\"widget\" data-widget_type=\"text-editor.default\">\n\t\t\t\t<div class=\"elementor-widget-container\">\n\t\t\t\t\t\t\t<h2 style=\"text-align: center;\"><span style=\"color: #ffffff;\">Be like a bra \u2013 support a woman<\/span><\/h2>\t\t\t\t\t\t<\/div>\n\t\t\t\t<\/div>\n\t\t\t\t<\/div>\n\t\t\t\t<\/div>\n\t\t\t\t\t<\/div>\n\t\t\t\t<\/div>\n\t\t<div class=\"elementor-element elementor-element-2a26028 e-flex e-con-boxed e-con e-parent\" data-id=\"2a26028\" data-element_type=\"container\" data-settings=\"{&quot;background_background&quot;:&quot;classic&quot;,&quot;content_width&quot;:&quot;boxed&quot;}\" data-core-v316-plus=\"true\">\n\t\t\t\t\t<div class=\"e-con-inner\">\n\t\t\t\t<div class=\"elementor-element elementor-element-15327ce elementor-nav-menu__align-center elementor-nav-menu--dropdown-tablet elementor-nav-menu__text-align-aside elementor-nav-menu--toggle elementor-nav-menu--burger elementor-widget elementor-widget-nav-menu\" data-id=\"15327ce\" data-element_type=\"widget\" data-settings=\"{&quot;layout&quot;:&quot;horizontal&quot;,&quot;submenu_icon&quot;:{&quot;value&quot;:&quot;&lt;svg class=\\&quot;e-font-icon-svg e-fas-caret-down\\&quot; viewBox=\\&quot;0 0 320 512\\&quot; xmlns=\\&quot;http:\\\/\\\/www.w3.org\\\/2000\\\/svg\\&quot;&gt;&lt;path d=\\&quot;M31.3 192h257.3c17.8 0 26.7 21.5 14.1 34.1L174.1 354.8c-7.8 7.8-20.5 7.8-28.3 0L17.2 226.1C4.6 213.5 13.5 192 31.3 192z\\&quot;&gt;&lt;\\\/path&gt;&lt;\\\/svg&gt;&quot;,&quot;library&quot;:&quot;fa-solid&quot;},&quot;toggle&quot;:&quot;burger&quot;}\" data-widget_type=\"nav-menu.default\">\n\t\t\t\t<div class=\"elementor-widget-container\">\n\t\t\t<link rel=\"stylesheet\" href=\"https:\/\/si-bags.de\/wp-content\/plugins\/elementor-pro\/assets\/css\/widget-nav-menu.min.css\">\t\t\t<nav class=\"elementor-nav-menu--main elementor-nav-menu__container elementor-nav-menu--layout-horizontal e--pointer-underline e--animation-fade\">\n\t\t\t\t<ul id=\"menu-1-15327ce\" class=\"elementor-nav-menu\"><li class=\"menu-item menu-item-type-post_type menu-item-object-page menu-item-379\"><a href=\"https:\/\/si-bags.de\/?page_id=374\" class=\"elementor-item\">Store<\/a><\/li>\n<li class=\"menu-item menu-item-type-post_type menu-item-object-page menu-item-275\"><a href=\"https:\/\/si-bags.de\/?page_id=254\" class=\"elementor-item\">Impressum<\/a><\/li>\n<\/ul>\t\t\t<\/nav>\n\t\t\t\t\t<div class=\"elementor-menu-toggle\" role=\"button\" tabindex=\"0\" aria-label=\"Men\u00fc Umschalter\" aria-expanded=\"false\">\n\t\t\t<svg aria-hidden=\"true\" role=\"presentation\" class=\"elementor-menu-toggle__icon--open e-font-icon-svg e-eicon-menu-bar\" viewBox=\"0 0 1000 1000\" xmlns=\"http:\/\/www.w3.org\/2000\/svg\"><path d=\"M104 333H896C929 333 958 304 958 271S929 208 896 208H104C71 208 42 237 42 271S71 333 104 333ZM104 583H896C929 583 958 554 958 521S929 458 896 458H104C71 458 42 487 42 521S71 583 104 583ZM104 833H896C929 833 958 804 958 771S929 708 896 708H104C71 708 42 737 42 771S71 833 104 833Z\"><\/path><\/svg><svg aria-hidden=\"true\" role=\"presentation\" class=\"elementor-menu-toggle__icon--close e-font-icon-svg e-eicon-close\" viewBox=\"0 0 1000 1000\" xmlns=\"http:\/\/www.w3.org\/2000\/svg\"><path d=\"M742 167L500 408 258 167C246 154 233 150 217 150 196 150 179 158 167 167 154 179 150 196 150 212 150 229 154 242 171 254L408 500 167 742C138 771 138 800 167 829 196 858 225 858 254 829L496 587 738 829C750 842 767 846 783 846 800 846 817 842 829 829 842 817 846 804 846 783 846 767 842 750 829 737L588 500 833 258C863 229 863 200 833 171 804 137 775 137 742 167Z\"><\/path><\/svg>\t\t\t<span class=\"elementor-screen-only\">Men\u00fc<\/span>\n\t\t<\/div>\n\t\t\t\t\t<nav class=\"elementor-nav-menu--dropdown elementor-nav-menu__container\" aria-hidden=\"true\">\n\t\t\t\t<ul id=\"menu-2-15327ce\" class=\"elementor-nav-menu\"><li class=\"menu-item menu-item-type-post_type menu-item-object-page menu-item-379\"><a href=\"https:\/\/si-bags.de\/?page_id=374\" class=\"elementor-item\" tabindex=\"-1\">Store<\/a><\/li>\n<li class=\"menu-item menu-item-type-post_type menu-item-object-page menu-item-275\"><a href=\"https:\/\/si-bags.de\/?page_id=254\" class=\"elementor-item\" tabindex=\"-1\">Impressum<\/a><\/li>\n<\/ul>\t\t\t<\/nav>\n\t\t\t\t<\/div>\n\t\t\t\t<\/div>\n\t\t\t\t\t<\/div>\n\t\t\t\t<\/div>\n\t\t<div class=\"elementor-element elementor-element-81bb250 e-flex e-con-boxed e-con e-parent\" data-id=\"81bb250\" data-element_type=\"container\" data-settings=\"{&quot;content_width&quot;:&quot;boxed&quot;}\" data-core-v316-plus=\"true\">\n\t\t\t\t\t<div class=\"e-con-inner\">\n\t\t<div class=\"elementor-element elementor-element-93c3a41 e-flex e-con-boxed e-con e-child\" data-id=\"93c3a41\" data-element_type=\"container\" data-settings=\"{&quot;content_width&quot;:&quot;boxed&quot;}\">\n\t\t\t\t\t<div class=\"e-con-inner\">\n\t\t<div class=\"elementor-element elementor-element-2363835 e-con-full e-flex e-con e-child\" data-id=\"2363835\" data-element_type=\"container\" data-settings=\"{&quot;content_width&quot;:&quot;full&quot;}\">\n\t\t<div class=\"elementor-element elementor-element-00a4a76 e-con-full e-flex e-con e-child\" data-id=\"00a4a76\" data-element_type=\"container\" data-settings=\"{&quot;content_width&quot;:&quot;full&quot;}\">\n\t\t\t\t<div class=\"elementor-element elementor-element-234b3a0 elementor-widget elementor-widget-heading\" data-id=\"234b3a0\" data-element_type=\"widget\" data-widget_type=\"heading.default\">\n\t\t\t\t<div class=\"elementor-widget-container\">\n\t\t\t<h3 class=\"elementor-heading-title elementor-size-default\">Shop<\/h3>\t\t<\/div>\n\t\t\t\t<\/div>\n\t\t\t\t<div class=\"elementor-element elementor-element-dd65dbf elementor-widget elementor-widget-text-editor\" data-id=\"dd65dbf\" data-element_type=\"widget\" data-widget_type=\"text-editor.default\">\n\t\t\t\t<div class=\"elementor-widget-container\">\n\t\t\t\t\t\t\t<p>Du kannst deine SI Statement Bag hier bestellen und per Paypal bezahlen. Da wir den gesamten Erl\u00f6s an unser Projekt geben, k\u00f6nnen wir leider die Versandkosten nicht tragen. Wenn du also einen Versand w\u00fcnschst, kommen daf\u00fcr die Kosten noch dazu. Gerne kannst du deine Tasche aber auch pers\u00f6nlich abholen. Du findest die Stationen in D\u00fcsseldorf, an denen das m\u00f6glich ist, weiter unten. Weiterhin findest du auf dieser Seite sowie auf Instagram aktuelle Infos zu Verkaufsstationen und Terminen (so z.B. an den SI Clubabenden im Industrieclub D\u00fcsseldorf). Solltest du eine gr\u00f6\u00dfere Anzahl Taschen f\u00fcr alle deine Freundinnen, T\u00f6chter oder deinen Club bestellen wollen und in diesem Fall eine Spendenquittung ben\u00f6tigen, so kontaktiere uns gerne.<\/p>\t\t\t\t\t\t<\/div>\n\t\t\t\t<\/div>\n\t\t\t\t<\/div>\n\t\t\t\t<\/div>\n\t\t<div class=\"elementor-element elementor-element-f2bc0a1 e-con-full e-flex e-con e-child\" data-id=\"f2bc0a1\" data-element_type=\"container\" data-settings=\"{&quot;content_width&quot;:&quot;full&quot;}\">\n\t\t\t\t<div class=\"elementor-element elementor-element-c8d189c elementor-widget__width-initial elementor-widget elementor-widget-html\" data-id=\"c8d189c\" data-element_type=\"widget\" data-widget_type=\"html.default\">\n\t\t\t\t<div class=\"elementor-widget-container\">\n\t\t\t<script async\n  src=\"https:\/\/js.stripe.com\/v3\/buy-button.js\">\n<\/script>\n\n<stripe-buy-button\n  buy-button-id=\"buy_btn_1OrgpjL0BCshH4JV32Kd2mqu\"\n  publishable-key=\"pk_live_51Oo6K5L0BCshH4JV4CbihXc88gwNM76Zph32mDdTbxIrg0MfG0rhpQK2wa43f9mgz24nGLG2bdkNcLmQR53kgaCf00Zz7S1aad\"\n>\n<\/stripe-buy-button>\t\t<\/div>\n\t\t\t\t<\/div>\n\t\t\t\t<\/div>\n\t\t<div class=\"elementor-element elementor-element-2915002 e-con-full e-flex e-con e-child\" data-id=\"2915002\" data-element_type=\"container\" data-settings=\"{&quot;content_width&quot;:&quot;full&quot;}\">\n\t\t\t\t<div class=\"elementor-element elementor-element-ff62c83 elementor-widget elementor-widget-html\" data-id=\"ff62c83\" data-element_type=\"widget\" data-widget_type=\"html.default\">\n\t\t\t\t<div class=\"elementor-widget-container\">\n\t\t\t<script async\n  src=\"https:\/\/js.stripe.com\/v3\/buy-button.js\">\n<\/script>\n\n<stripe-buy-button\n  buy-button-id=\"buy_btn_1Orgr8L0BCshH4JV4tytjTEd\"\n  publishable-key=\"pk_live_51Oo6K5L0BCshH4JV4CbihXc88gwNM76Zph32mDdTbxIrg0MfG0rhpQK2wa43f9mgz24nGLG2bdkNcLmQR53kgaCf00Zz7S1aad\"\n>\n<\/stripe-buy-button>\t\t<\/div>\n\t\t\t\t<\/div>\n\t\t\t\t<\/div>\n\t\t\t\t\t<\/div>\n\t\t\t\t<\/div>\n\t\t\t\t\t<\/div>\n\t\t\t\t<\/div>\n\t\t\t\t<\/div>\n\t\t","protected":false},"excerpt":{"rendered":"<p>Die SI Statement Bag des SI-Clubs D\u00fcsseldorf-Kaiserswerth tr\u00e4gt unerm\u00fcdlich, ist stylish, nachhaltig und tut Gutes! \u00a0 Be like a bra \u2013 support a woman Shop Du kannst deine SI Statement Bag hier bestellen und per Paypal bezahlen. Da wir den gesamten Erl\u00f6s an unser Projekt geben, k\u00f6nnen wir leider die Versandkosten nicht tragen. Wenn du&#8230;<\/p>\n","protected":false},"author":1,"featured_media":0,"parent":0,"menu_order":0,"comment_status":"closed","ping_status":"closed","template":"","meta":{"_kadence_starter_templates_imported_post":false,"_kad_post_transparent":"","_kad_post_title":"hide","_kad_post_layout":"fullwidth","_kad_post_sidebar_id":"","_kad_post_content_style":"unboxed","_kad_post_vertical_padding":"hide","_kad_post_feature":"hide","_kad_post_feature_position":"","_kad_post_header":false,"_kad_post_footer":false,"footnotes":""},"class_list":["post-374","page","type-page","status-publish","hentry"],"jetpack_sharing_enabled":true,"_links":{"self":[{"href":"https:\/\/si-bags.de\/index.php?rest_route=\/wp\/v2\/pages\/374","targetHints":{"allow":["GET"]}}],"collection":[{"href":"https:\/\/si-bags.de\/index.php?rest_route=\/wp\/v2\/pages"}],"about":[{"href":"https:\/\/si-bags.de\/index.php?rest_route=\/wp\/v2\/types\/page"}],"author":[{"embeddable":true,"href":"https:\/\/si-bags.de\/index.php?rest_route=\/wp\/v2\/users\/1"}],"replies":[{"embeddable":true,"href":"https:\/\/si-bags.de\/index.php?rest_route=%2Fwp%2Fv2%2Fcomments&post=374"}],"version-history":[{"count":10,"href":"https:\/\/si-bags.de\/index.php?rest_route=\/wp\/v2\/pages\/374\/revisions"}],"predecessor-version":[{"id":427,"href":"https:\/\/si-bags.de\/index.php?rest_route=\/wp\/v2\/pages\/374\/revisions\/427"}],"wp:attachment":[{"href":"https:\/\/si-bags.de\/index.php?rest_route=%2Fwp%2Fv2%2Fmedia&parent=374"}],"curies":[{"name":"wp","href":"https:\/\/api.w.org\/{rel}","templated":true}]}}